    {"id":507,"date":"2025-12-01T05:36:33","date_gmt":"2025-12-01T05:36:33","guid":{"rendered":"https:\/\/dacorei.com\/?page_id=507"},"modified":"2026-02-23T18:54:10","modified_gmt":"2026-02-23T18:54:10","slug":"terms-of-service","status":"publish","type":"page","link":"https:\/\/dacorei.com\/es\/terms-of-service\/","title":{"rendered":"Condiciones de uso"},"content":{"rendered":"<p><\/p>\n\n\n\n<h3 class=\"wp-block-heading\"><strong>1. Condiciones<\/strong><\/h3>\n\n\n\n<p>Accediendo a la <strong>dacorei.com<\/strong> sitio web, usted acepta estar sujeto a estos t\u00e9rminos de servicio, todas las leyes y regulaciones aplicables, y acepta que es responsable del cumplimiento de cualquier <strong>Leyes de Am\u00e9rica del Norte<\/strong>Si no est\u00e1 de acuerdo con alguno de estos t\u00e9rminos, se le proh\u00edbe usar o acceder a este sitio. Los materiales de este sitio web est\u00e1n protegidos por las leyes de derechos de autor y marcas registradas aplicables.<\/p>\n\n\n\n<p><\/p>\n\n\n\n<h3 class=\"wp-block-heading\"><strong>2. Licencia de uso<\/strong><\/h3>\n\n\n\n<p>Se concede permiso para descargar temporalmente una copia de los materiales (informaci\u00f3n o software) en <strong>dacorei.com<\/strong>El sitio web de es solo para uso personal, no comercial y transitorio. Esta licencia no transfiere la titularidad, sino que se otorga una licencia. Bajo esta licencia, usted no podr\u00e1:<\/p>\n\n\n\n<ul>\n<li>modificar o copiar los materiales;<\/li>\n\n\n\n<li>utilizar los materiales para cualquier prop\u00f3sito comercial o para cualquier exhibici\u00f3n p\u00fablica (comercial o no comercial);<\/li>\n\n\n\n<li>intentar descompilar o realizar ingenier\u00eda inversa a cualquier software contenido en <strong>dacorei.com<\/strong> sitio web;<\/li>\n\n\n\n<li>eliminar cualquier derecho de autor u otras notaciones de propiedad de los materiales; o<\/li>\n\n\n\n<li>transferir los materiales a otra persona o &#039;duplicar&#039; los materiales en cualquier otro servidor.<\/li>\n<\/ul>\n\n\n\n<p>Esta licencia terminar\u00e1 autom\u00e1ticamente si usted viola cualquiera de estas restricciones y podr\u00e1 ser cancelada por <strong>dacorei.com<\/strong> En cualquier momento. Al finalizar la visualizaci\u00f3n de estos materiales o al finalizar esta licencia, deber\u00e1 destruir cualquier material descargado que tenga en su poder, ya sea en formato electr\u00f3nico o impreso.<\/p>\n\n\n\n<p><\/p>\n\n\n\n<h3 class=\"wp-block-heading\"><strong>3. Descargo de responsabilidad<\/strong><\/h3>\n\n\n\n<p>Los materiales sobre <strong>dacorei.com<\/strong>Los sitios web de se proporcionan &quot;tal cual&quot;. <strong>dacorei.com<\/strong> no ofrece garant\u00edas, expresas o impl\u00edcitas, y por la presente renuncia y niega todas las dem\u00e1s garant\u00edas, incluidas, entre otras, las garant\u00edas o condiciones impl\u00edcitas de comerciabilidad, idoneidad para un prop\u00f3sito particular o no infracci\u00f3n de la propiedad intelectual u otra violaci\u00f3n de derechos.<\/p>\n\n\n\n<p>M\u00e1s, <strong>dacorei.com<\/strong> no garantiza ni hace ninguna declaraci\u00f3n sobre la precisi\u00f3n, los resultados probables o la confiabilidad del uso de los materiales en su sitio web o de otro modo relacionados con dichos materiales o en cualquier sitio vinculado a este sitio.<\/p>\n\n\n\n<p><\/p>\n\n\n\n<h3 class=\"wp-block-heading\"><strong>4. Limitaciones<\/strong><\/h3>\n\n\n\n<p>En ning\u00fan caso se podr\u00e1 <strong>dacorei.com<\/strong> o sus proveedores ser\u00e1n responsables de ning\u00fan da\u00f1o (incluidos, sin limitaci\u00f3n, da\u00f1os por p\u00e9rdida de datos o ganancias, o debido a la interrupci\u00f3n del negocio) que surja del uso o la imposibilidad de usar los materiales en <strong>dacorei.com<\/strong>El sitio web de, incluso si <strong>dacorei.com<\/strong> o una <strong>dacorei.com<\/strong> Se ha notificado oralmente o por escrito a un representante autorizado sobre la posibilidad de dichos da\u00f1os. Dado que algunas jurisdicciones no permiten limitaciones a las garant\u00edas impl\u00edcitas ni a la responsabilidad por da\u00f1os consecuentes o incidentales, es posible que estas limitaciones no le sean aplicables.<\/p>\n\n\n\n<p><\/p>\n\n\n\n<h3 class=\"wp-block-heading\"><strong>5. Precisi\u00f3n de los materiales<\/strong><\/h3>\n\n\n\n<p>Los materiales que aparecen en <strong>dacorei.com<\/strong>El sitio web de podr\u00eda incluir errores t\u00e9cnicos, tipogr\u00e1ficos o fotogr\u00e1ficos. <strong>dacorei.com<\/strong> no garantiza que ninguno de los materiales de su sitio web sea preciso, completo o actual. <strong>dacorei.com<\/strong> puede realizar cambios en los materiales contenidos en su sitio web en cualquier momento sin previo aviso. Sin embargo <strong>dacorei.com<\/strong> no asume ning\u00fan compromiso de actualizar los materiales.<\/p>\n\n\n\n<p><\/p>\n\n\n\n<h3 class=\"wp-block-heading\"><strong>6. Enlaces<\/strong><\/h3>\n\n\n\n<p><strong>dacorei.com<\/strong> no ha revisado todos los sitios enlazados a su sitio web y no es responsable del contenido de ninguno de ellos. La inclusi\u00f3n de cualquier enlace no implica la aprobaci\u00f3n por parte de <strong>dacorei.com<\/strong> del sitio. El uso de cualquier sitio web enlazado es bajo el propio riesgo del usuario.<\/p>\n\n\n\n<p><\/p>\n\n\n\n<h3 class=\"wp-block-heading\"><strong>7. Modificaciones<\/strong><\/h3>\n\n\n\n<p><strong>dacorei.com<\/strong> podr\u00e1 revisar estas condiciones de servicio de su sitio web en cualquier momento sin previo aviso. Al utilizar este sitio web, usted acepta regirse por la versi\u00f3n vigente de estas condiciones de servicio.<\/p>\n\n\n\n<p><\/p>\n\n\n\n<h3 class=\"wp-block-heading\"><strong>8. Ley aplicable<\/strong><\/h3>\n\n\n\n<p>Estos T\u00e9rminos y Condiciones se regir\u00e1n e interpretar\u00e1n de conformidad con las leyes de los Estados Unidos de Am\u00e9rica. Usted acepta irrevocablemente que cualquier disputa derivada de o relacionada con estos T\u00e9rminos estar\u00e1 sujeta a la jurisdicci\u00f3n exclusiva de los tribunales competentes de los Estados Unidos.<\/p>","protected":false},"excerpt":{"rendered":"<p>1. Terms By accessing the dacorei.com website, you agree to be bound by these terms of service, all applicable laws and regulations, and agree that you are responsible for compliance with any North American laws. If you do not agree with any of these terms, you are prohibited from using or accessing this site. The [&hellip;]<\/p>","protected":false},"author":250,"featured_media":0,"parent":0,"menu_order":0,"comment_status":"closed","ping_status":"closed","template":"","meta":{"footnotes":""},"_links":{"self":[{"href":"https:\/\/dacorei.com\/es\/wp-json\/wp\/v2\/pages\/507"}],"collection":[{"href":"https:\/\/dacorei.com\/es\/wp-json\/wp\/v2\/pages"}],"about":[{"href":"https:\/\/dacorei.com\/es\/wp-json\/wp\/v2\/types\/page"}],"author":[{"embeddable":true,"href":"https:\/\/dacorei.com\/es\/wp-json\/wp\/v2\/users\/250"}],"replies":[{"embeddable":true,"href":"https:\/\/dacorei.com\/es\/wp-json\/wp\/v2\/comments?post=507"}],"version-history":[{"count":4,"href":"https:\/\/dacorei.com\/es\/wp-json\/wp\/v2\/pages\/507\/revisions"}],"predecessor-version":[{"id":1248,"href":"https:\/\/dacorei.com\/es\/wp-json\/wp\/v2\/pages\/507\/revisions\/1248"}],"wp:attachment":[{"href":"https:\/\/dacorei.com\/es\/wp-json\/wp\/v2\/media?parent=507"}],"curies":[{"name":"wp","href":"https:\/\/api.w.org\/{rel}","templated":true}]}}