    {"id":512,"date":"2025-12-01T05:44:32","date_gmt":"2025-12-01T05:44:32","guid":{"rendered":"https:\/\/dacorei.com\/?page_id=512"},"modified":"2025-12-01T05:44:32","modified_gmt":"2025-12-01T05:44:32","slug":"about-us","status":"publish","type":"page","link":"https:\/\/dacorei.com\/es\/about-us\/","title":{"rendered":"Qui\u00e9nes somos"},"content":{"rendered":"<p><\/p>\n\n\n\n<p>En <strong>dacorei.com<\/strong>Creemos que la tecnolog\u00eda debe ser sencilla, \u00fatil y accesible para todos. Por eso, creamos un espacio donde puedes encontrar contenido confiable y pr\u00e1ctico sobre... <strong>aplicaciones m\u00f3viles<\/strong>, <strong>seguridad en l\u00ednea<\/strong>, <strong>innovaci\u00f3n tecnol\u00f3gica<\/strong>, y los mejores consejos para <strong>Televisi\u00f3n y entretenimiento<\/strong>.<\/p>\n\n\n\n<p>Nos apasiona descubrir soluciones que ayuden a las personas a aprovechar al m\u00e1ximo sus dispositivos, ya sea protegiendo datos personales, encontrando aplicaciones esenciales o convirtiendo su televisor en un verdadero centro de entretenimiento.<\/p>\n\n\n\n<hr class=\"wp-block-separator has-alpha-channel-opacity\" \/>\n\n\n\n<h2 class=\"wp-block-heading\">\ud83d\udca1 Nuestra Misi\u00f3n<\/h2>\n\n\n\n<p>Ayudar a las personas a mantenerse informadas y seguras en el mundo digital ofreciendo gu\u00edas pr\u00e1cticas, conocimientos claros y recomendaciones que hagan que la tecnolog\u00eda cotidiana sea m\u00e1s f\u00e1cil de usar.<\/p>\n\n\n\n<hr class=\"wp-block-separator has-alpha-channel-opacity\" \/>\n\n\n\n<h2 class=\"wp-block-heading\">\ud83d\ude80 Qu\u00e9 nos hace diferentes<\/h2>\n\n\n\n<ul>\n<li>Contenido actualizado centrado en beneficios reales<\/li>\n\n\n\n<li>Lenguaje claro, sin complejidad<\/li>\n\n\n\n<li>Fuerte enfoque en la seguridad y la credibilidad<\/li>\n\n\n\n<li>Enfoque completo a la tecnolog\u00eda y el entretenimiento.<\/li>\n<\/ul>\n\n\n\n<p>Aqu\u00ed aprendes r\u00e1pido, aplicas al instante y disfrutas de todo lo que tu tel\u00e9fono inteligente, tu televisor e Internet pueden ofrecerte.<\/p>\n\n\n\n<hr class=\"wp-block-separator has-alpha-channel-opacity\" \/>\n\n\n\n<h2 class=\"wp-block-heading\">\ud83e\udde9 C\u00f3mo empez\u00f3 todo<\/h2>\n\n\n\n<p><strong>dacorei.com<\/strong> Se cre\u00f3 para simplificar la tecnolog\u00eda para todos. En un mundo donde la innovaci\u00f3n digital evoluciona a diario, sabemos que es dif\u00edcil mantenerse al d\u00eda, y precisamente por eso estamos aqu\u00ed: para guiarte en lo que m\u00e1s importa.<\/p>\n\n\n\n<hr class=\"wp-block-separator has-alpha-channel-opacity\" \/>\n\n\n\n<h2 class=\"wp-block-heading\">\u270d\ufe0f Quienes somos<\/h2>\n\n\n\n<p>Un equipo dedicado de creadores expertos en tecnolog\u00eda y especialistas en comunicaci\u00f3n que exploran constantemente lo que realmente ayuda a las personas: <strong>sencillez, seguridad y diversi\u00f3n<\/strong>.<\/p>\n\n\n\n<hr class=\"wp-block-separator has-alpha-channel-opacity\" \/>\n\n\n\n<h2 class=\"wp-block-heading\">\ud83e\udd1d A qui\u00e9n ayudamos<\/h2>\n\n\n\n<ul>\n<li>Usuarios que buscan las aplicaciones m\u00e1s recientes y \u00fatiles<\/li>\n\n\n\n<li>Personas que desean una mejor protecci\u00f3n en l\u00ednea<\/li>\n\n\n\n<li>Fan\u00e1ticos del streaming, pel\u00edculas, series y televisores inteligentes<\/li>\n\n\n\n<li>Cualquiera que quiera seguir las tendencias tecnol\u00f3gicas con facilidad.<\/li>\n<\/ul>\n\n\n\n<hr class=\"wp-block-separator has-alpha-channel-opacity\" \/>\n\n\n\n<h2 class=\"wp-block-heading\">\ud83d\udce9 Mantente conectado<\/h2>\n\n\n\n<p>\u00bfQuieres recibir las mejores actualizaciones y consejos antes que nadie?<br>\ud83d\udc49Sigue explorando <strong>dacorei.com<\/strong> y s\u00edguenos en las redes sociales para estar al d\u00eda.<\/p>\n\n\n\n<p>Si tiene sugerencias, preguntas o comentarios, siempre estamos listos para escucharlo.<br>\u2728 <strong>La vida digital se vuelve m\u00e1s f\u00e1cil: comienza aqu\u00ed.<\/strong><\/p>","protected":false},"excerpt":{"rendered":"<p>At dacorei.com, we believe technology should be simple, useful, and accessible to everyone. That\u2019s why we built a space where you can find trustworthy and practical content about mobile apps, online security, tech innovation, and the best tips for TV and entertainment. We are passionate about discovering solutions that help people get the most out [&hellip;]<\/p>","protected":false},"author":250,"featured_media":0,"parent":0,"menu_order":0,"comment_status":"closed","ping_status":"closed","template":"","meta":{"footnotes":""},"_links":{"self":[{"href":"https:\/\/dacorei.com\/es\/wp-json\/wp\/v2\/pages\/512"}],"collection":[{"href":"https:\/\/dacorei.com\/es\/wp-json\/wp\/v2\/pages"}],"about":[{"href":"https:\/\/dacorei.com\/es\/wp-json\/wp\/v2\/types\/page"}],"author":[{"embeddable":true,"href":"https:\/\/dacorei.com\/es\/wp-json\/wp\/v2\/users\/250"}],"replies":[{"embeddable":true,"href":"https:\/\/dacorei.com\/es\/wp-json\/wp\/v2\/comments?post=512"}],"version-history":[{"count":1,"href":"https:\/\/dacorei.com\/es\/wp-json\/wp\/v2\/pages\/512\/revisions"}],"predecessor-version":[{"id":513,"href":"https:\/\/dacorei.com\/es\/wp-json\/wp\/v2\/pages\/512\/revisions\/513"}],"wp:attachment":[{"href":"https:\/\/dacorei.com\/es\/wp-json\/wp\/v2\/media?parent=512"}],"curies":[{"name":"wp","href":"https:\/\/api.w.org\/{rel}","templated":true}]}}