    {"id":21,"date":"2025-11-29T15:55:55","date_gmt":"2025-11-29T15:55:55","guid":{"rendered":"https:\/\/dacorei.com\/?page_id=21"},"modified":"2026-02-23T18:52:03","modified_gmt":"2026-02-23T18:52:03","slug":"privacy-policy","status":"publish","type":"page","link":"https:\/\/dacorei.com\/fr\/privacy-policy\/","title":{"rendered":"politique de confidentialit\u00e9"},"content":{"rendered":"<p>Le respect de votre vie priv\u00e9e est important pour nous. La politique de Dacorei est de respecter votre vie priv\u00e9e concernant toute information que nous pourrions recueillir aupr\u00e8s de vous sur notre site web.&nbsp;<a href=\"https:\/\/dacorei.com\/fr\/\">Dacorei<\/a>et d&#039;autres sites que nous poss\u00e9dons et exploitons.<\/p>\n\n\n\n<p>Nous ne demandons de renseignements personnels que lorsque cela est strictement n\u00e9cessaire pour vous fournir un service. Nous les recueillons de mani\u00e8re loyale et licite, avec votre consentement \u00e9clair\u00e9. Nous vous informons \u00e9galement des raisons de cette collecte et de l&#039;utilisation qui en sera faite.<\/p>\n\n\n\n<p>Nous ne conservons les informations collect\u00e9es que le temps n\u00e9cessaire pour vous fournir le service demand\u00e9. Les donn\u00e9es que nous stockons sont prot\u00e9g\u00e9es par des moyens commercialement acceptables afin d&#039;emp\u00eacher toute perte, vol, acc\u00e8s non autoris\u00e9, divulgation, copie, utilisation ou modification.<\/p>\n\n\n\n<p>Nous ne partageons aucune information permettant d&#039;identifier une personne, ni publiquement ni avec des tiers, sauf si la loi l&#039;exige.<\/p>\n\n\n\n<p>Notre site web peut contenir des liens vers des sites externes qui ne sont pas exploit\u00e9s par nous. Veuillez noter que nous n&#039;avons aucun contr\u00f4le sur le contenu et les pratiques de ces sites et que nous d\u00e9clinons toute responsabilit\u00e9 quant \u00e0 leurs politiques de confidentialit\u00e9 respectives.<\/p>\n\n\n\n<p>Vous \u00eates libre de refuser notre demande de renseignements personnels, \u00e9tant entendu que nous pourrions alors ne pas \u00eatre en mesure de vous fournir certains des services souhait\u00e9s.<\/p>\n\n\n\n<p>En continuant \u00e0 utiliser notre site web, vous acceptez nos pratiques en mati\u00e8re de confidentialit\u00e9 et de traitement des donn\u00e9es personnelles. Pour toute question concernant la gestion de vos donn\u00e9es personnelles, n&#039;h\u00e9sitez pas \u00e0 nous contacter.<\/p>\n\n\n\n<h2 class=\"wp-block-heading\"><strong>Politique relative aux cookies de Dacorei<\/strong><\/h2>\n\n\n\n<p>Voici la politique relative aux cookies de Dacorei, accessible \u00e0 l&#039;adresse URL https:\/\/dacorei.com\/.<\/p>\n\n\n\n<h2 class=\"wp-block-heading\"><strong>Que sont les cookies ?<\/strong><\/h2>\n\n\n\n<p>Comme c&#039;est souvent le cas pour la plupart des sites web professionnels, ce site utilise des cookies, qui sont de petits fichiers t\u00e9l\u00e9charg\u00e9s sur votre ordinateur, afin d&#039;am\u00e9liorer votre exp\u00e9rience. <\/p>\n\n\n\n<p>Cette page d\u00e9crit les informations que nous recueillons, comment nous les utilisons et pourquoi nous devons parfois stocker ces cookies. Nous vous expliquons \u00e9galement comment emp\u00eacher leur stockage, mais sachez que cela peut d\u00e9grader ou perturber certaines fonctionnalit\u00e9s du site.<\/p>\n\n\n\n<h2 class=\"wp-block-heading\"><strong>Comment nous utilisons les cookies<\/strong><\/h2>\n\n\n\n<p>Nous utilisons des cookies pour diverses raisons d\u00e9taill\u00e9es ci-dessous. Malheureusement, dans la plupart des cas, il n&#039;existe pas d&#039;option standard pour d\u00e9sactiver les cookies sans d\u00e9sactiver compl\u00e8tement les fonctionnalit\u00e9s qu&#039;ils apportent \u00e0 ce site. Il est donc recommand\u00e9 de laisser tous les cookies activ\u00e9s si vous n&#039;\u00eates pas certain de leur utilit\u00e9, car ils peuvent \u00eatre n\u00e9cessaires au fonctionnement de certains services que vous utilisez.<\/p>\n\n\n\n<h2 class=\"wp-block-heading\"><strong>D\u00e9sactivation des cookies<\/strong><\/h2>\n\n\n\n<p>Vous pouvez emp\u00eacher l&#039;installation de cookies en modifiant les param\u00e8tres de votre navigateur (consultez l&#039;aide de votre navigateur pour savoir comment proc\u00e9der). Sachez que la d\u00e9sactivation des cookies affectera le fonctionnement de ce site web et de nombreux autres sites que vous visitez. <\/p>\n\n\n\n<p>La d\u00e9sactivation des cookies entra\u00eene g\u00e9n\u00e9ralement la d\u00e9sactivation de certaines fonctionnalit\u00e9s de ce site. Il est donc recommand\u00e9 de ne pas d\u00e9sactiver les cookies.<\/p>\n\n\n\n<p><\/p>\n\n\n\n<h2 class=\"wp-block-heading\"><strong>Personnalisation des publicit\u00e9s et contr\u00f4le de l&#039;utilisateur<\/strong><\/h2>\n\n\n\n<p>Nous faisons appel \u00e0 des partenaires publicitaires tiers, notamment Google, qui peuvent utiliser des cookies et des technologies similaires pour diffuser des publicit\u00e9s personnalis\u00e9es en fonction de vos visites pr\u00e9c\u00e9dentes sur ce site et d&#039;autres sites web.<\/p>\n\n\n\n<p>La publicit\u00e9 personnalis\u00e9e permet d&#039;afficher des publicit\u00e9s plus pertinentes en fonction de vos centres d&#039;int\u00e9r\u00eat et de votre navigation. Vous gardez toutefois le contr\u00f4le total sur l&#039;utilisation de vos donn\u00e9es \u00e0 des fins publicitaires.<\/p>\n\n\n\n<p>Vous pouvez g\u00e9rer ou d\u00e9sactiver la personnalisation des annonces \u00e0 tout moment en vous rendant sur les plateformes suivantes\u00a0:<\/p>\n\n\n\n<ul>\n<li><a href=\"https:\/\/adssettings.google.com\">https:\/\/adssettings.google.com<\/a><\/li>\n\n\n\n<li><a href=\"https:\/\/myadcenter.google.com\">https:\/\/myadcenter.google.com<\/a><\/li>\n<\/ul>\n\n\n\n<p>Sur ces pages, vous pouvez consulter vos pr\u00e9f\u00e9rences publicitaires, ajuster vos param\u00e8tres de personnalisation ou d\u00e9sactiver la publicit\u00e9 personnalis\u00e9e.<\/p>\n\n\n\n<p>Veuillez noter que la d\u00e9sactivation des annonces personnalis\u00e9es ne signifie pas que vous cesserez de voir des annonces\u00a0; cela signifie seulement que les annonces affich\u00e9es seront peut-\u00eatre moins pertinentes par rapport \u00e0 vos centres d\u2019int\u00e9r\u00eat.<\/p>\n\n\n\n<h2 class=\"wp-block-heading\"><strong>Les cookies que nous installons<\/strong><\/h2>\n\n\n\n<p>cookies li\u00e9s au compte<\/p>\n\n\n\n<p>Si vous cr\u00e9ez un compte chez nous, nous utiliserons des cookies pour g\u00e9rer le processus d&#039;inscription et l&#039;administration g\u00e9n\u00e9rale. Ces cookies sont g\u00e9n\u00e9ralement supprim\u00e9s lorsque vous vous d\u00e9connectez, mais dans certains cas, ils peuvent \u00eatre conserv\u00e9s afin de m\u00e9moriser vos pr\u00e9f\u00e9rences de site apr\u00e8s votre d\u00e9connexion.<\/p>\n\n\n\n<p><\/p>\n\n\n\n<p>Cookies li\u00e9s \u00e0 la connexion<\/p>\n\n\n\n<p>Nous utilisons des cookies lorsque vous \u00eates connect\u00e9 afin de m\u00e9moriser votre connexion. Cela vous \u00e9vite de devoir vous reconnecter \u00e0 chaque nouvelle page. Ces cookies sont g\u00e9n\u00e9ralement supprim\u00e9s lorsque vous vous d\u00e9connectez, garantissant ainsi que vous ne pouvez acc\u00e9der aux fonctionnalit\u00e9s et zones restreintes que lorsque vous \u00eates connect\u00e9.<br><\/p>\n\n\n\n<p>Cookies li\u00e9s aux newsletters par e-mail<\/p>\n\n\n\n<p>Ce site propose des services d&#039;abonnement \u00e0 une newsletter ou \u00e0 des e-mails, et des cookies peuvent \u00eatre utilis\u00e9s pour m\u00e9moriser si vous \u00eates d\u00e9j\u00e0 inscrit et pour afficher certaines notifications qui ne sont valables que pour les utilisateurs abonn\u00e9s\/d\u00e9sabonn\u00e9s.<br><\/p>\n\n\n\n<p>Cookies li\u00e9s au traitement des commandes<\/p>\n\n\n\n<p>Ce site propose des services de commerce \u00e9lectronique ou de paiement, et certains cookies sont essentiels pour garantir que votre commande soit m\u00e9moris\u00e9e d&#039;une page \u00e0 l&#039;autre afin que nous puissions la traiter correctement.<br><\/p>\n\n\n\n<p>Cookies li\u00e9s aux enqu\u00eates<\/p>\n\n\n\n<p>Nous proposons r\u00e9guli\u00e8rement des enqu\u00eates et des questionnaires afin de vous fournir des informations int\u00e9ressantes, des outils utiles et de mieux comprendre nos utilisateurs. Ces enqu\u00eates peuvent utiliser des cookies pour m\u00e9moriser les participants ou vous garantir des r\u00e9sultats pr\u00e9cis m\u00eame apr\u00e8s un changement de page.<br><\/p>\n\n\n\n<p>cookies li\u00e9s aux formulaires<\/p>\n\n\n\n<p>Lorsque vous soumettez des donn\u00e9es via un formulaire tel que ceux que l&#039;on trouve sur les pages de contact ou les formulaires de commentaires, des cookies peuvent \u00eatre install\u00e9s pour m\u00e9moriser vos informations d&#039;utilisateur en vue de futures correspondances.<br><\/p>\n\n\n\n<p>Cookies de pr\u00e9f\u00e9rences du site<\/p>\n\n\n\n<p>Afin de vous offrir une exp\u00e9rience optimale sur ce site, nous vous proposons de personnaliser son fonctionnement selon vos pr\u00e9f\u00e9rences. Pour m\u00e9moriser ces pr\u00e9f\u00e9rences, nous utilisons des cookies qui nous permettent de les appliquer \u00e0 chaque page que vous consultez.<\/p>\n\n\n\n<h2 class=\"wp-block-heading\"><strong>Cookies tiers<\/strong><\/h2>\n\n\n\n<p>Dans certains cas particuliers, nous utilisons \u00e9galement des cookies fournis par des tiers de confiance. La section suivante d\u00e9taille les cookies tiers que vous pourriez rencontrer sur ce site.<\/p>\n\n\n\n<ul>\n<li>Ce site utilise Google Analytics, l&#039;une des solutions d&#039;analyse les plus r\u00e9pandues et les plus fiables du web, qui nous aide \u00e0 comprendre comment vous utilisez le site et comment nous pouvons am\u00e9liorer votre exp\u00e9rience. <br><\/li>\n\n\n\n<li>Ces cookies peuvent suivre des informations telles que la dur\u00e9e de votre visite sur le site et les pages consult\u00e9es, afin de nous permettre de continuer \u00e0 produire du contenu pertinent. Pour plus d&#039;informations sur les cookies de Google Analytics, veuillez consulter la documentation correspondante.\u00a0<a href=\"https:\/\/developers.google.com\/analytics\/devguides\/collection\/gtagjs\/cookie-usage\" target=\"_blank\" rel=\"noreferrer noopener\">page officielle de Google Analytics<\/a>.<br><\/li>\n\n\n\n<li>Des outils d&#039;analyse tiers sont utilis\u00e9s pour suivre et mesurer l&#039;utilisation de ce site afin de nous permettre de continuer \u00e0 proposer un contenu pertinent. Ces cookies peuvent enregistrer des informations telles que la dur\u00e9e de votre visite ou les pages consult\u00e9es, ce qui nous aide \u00e0 am\u00e9liorer le site pour vous.<br><\/li>\n\n\n\n<li>Nous testons r\u00e9guli\u00e8rement de nouvelles fonctionnalit\u00e9s et apportons des modifications mineures \u00e0 l&#039;affichage du site. Lors de ces tests, ces cookies peuvent \u00eatre utilis\u00e9s pour vous garantir une exp\u00e9rience utilisateur coh\u00e9rente et nous permettre d&#039;identifier les optimisations les plus appr\u00e9ci\u00e9es.<br><\/li>\n\n\n\n<li>Comme nous vendons des produits, il est important pour nous de comprendre les statistiques relatives au nombre de visiteurs de notre site qui effectuent un achat. C&#039;est pr\u00e9cis\u00e9ment le type de donn\u00e9es que ces cookies permettent de suivre. Cela est important pour vous car cela nous permet d&#039;\u00e9tablir des pr\u00e9visions commerciales pr\u00e9cises, de contr\u00f4ler nos co\u00fbts publicitaires et de production, et ainsi de vous proposer le meilleur prix possible.<\/li>\n<\/ul>\n\n\n\n<ul>\n<li>Nous utilisons \u00e9galement sur ce site des boutons et\/ou des plugins de r\u00e9seaux sociaux qui vous permettent de vous connecter \u00e0 vos r\u00e9seaux sociaux de diff\u00e9rentes mani\u00e8res. Pour que ces fonctionnalit\u00e9s soient op\u00e9rationnelles, les r\u00e9seaux sociaux suivants (Facebook, Twitter, LinkedIn et Instagram) d\u00e9poseront des cookies via notre site. Ces cookies peuvent \u00eatre utilis\u00e9s pour enrichir votre profil sur leur plateforme ou alimenter les donn\u00e9es qu&#039;ils d\u00e9tiennent \u00e0 diverses fins, conform\u00e9ment \u00e0 leurs politiques de confidentialit\u00e9 respectives.<\/li>\n<\/ul>\n\n\n\n<h2 class=\"wp-block-heading\"><strong>Responsabilit\u00e9s de l&#039;utilisateur<\/strong><\/h2>\n\n\n\n<p>L\u2019utilisateur s\u2019engage \u00e0 faire un usage appropri\u00e9 des contenus et informations propos\u00e9s sur le site, en adoptant un comportement \u00e9nonciatif et non imitatif\u00a0:<\/p>\n\n\n\n<ul>\n<li>A) Ne pas se livrer \u00e0 des activit\u00e9s ill\u00e9gales ou contraires \u00e0 la bonne foi et \u00e0 l\u2019ordre public ;<br><\/li>\n\n\n\n<li>B) Ne pas diffuser de propagande ou de contenu \u00e0 caract\u00e8re raciste, x\u00e9nophobe, [link key=\u201dPPMX\u201d] ou li\u00e9 aux jeux de hasard, tout type de pornographie ill\u00e9gale, des all\u00e9gations terroristes ou contraires aux droits de l\u2019homme\u00a0;<br><\/li>\n\n\n\n<li>C) Ne pas endommager les syst\u00e8mes physiques (mat\u00e9riel) et inaccessibles (logiciel) de Dacorei, de ses fournisseurs ou de tiers, ni introduire ou diffuser des virus informatiques ou tout autre syst\u00e8me mat\u00e9riel ou logiciel susceptible de causer les dommages mentionn\u00e9s pr\u00e9c\u00e9demment.<\/li>\n<\/ul>\n\n\n\n<h2 class=\"wp-block-heading\"><strong>Plus d&#039;informations<\/strong><\/h2>\n\n\n\n<p>Nous esp\u00e9rons que cela a clarifi\u00e9 les choses pour vous et, comme mentionn\u00e9 pr\u00e9c\u00e9demment, en cas de doute sur la n\u00e9cessit\u00e9 d&#039;un cookie, il est g\u00e9n\u00e9ralement plus s\u00fbr de les laisser activ\u00e9s, car ils peuvent interagir avec certaines fonctionnalit\u00e9s que vous utilisez sur notre site.<\/p>\n\n\n\n<p>Cette politique entrera en vigueur le 29 novembre 2025 \u00e0 15h54.<\/p>","protected":false},"excerpt":{"rendered":"<p>Your privacy is important to us. It is Dacorei&#8217;s policy to respect your privacy regarding any information we may collect from you across our website,&nbsp;Dacorei, and other sites we own and operate. We only ask for personal information when we truly need it to provide a service to you. We collect it by fair and [&hellip;]<\/p>","protected":false},"author":250,"featured_media":0,"parent":0,"menu_order":0,"comment_status":"closed","ping_status":"closed","template":"","meta":{"footnotes":""},"_links":{"self":[{"href":"https:\/\/dacorei.com\/fr\/wp-json\/wp\/v2\/pages\/21"}],"collection":[{"href":"https:\/\/dacorei.com\/fr\/wp-json\/wp\/v2\/pages"}],"about":[{"href":"https:\/\/dacorei.com\/fr\/wp-json\/wp\/v2\/types\/page"}],"author":[{"embeddable":true,"href":"https:\/\/dacorei.com\/fr\/wp-json\/wp\/v2\/users\/250"}],"replies":[{"embeddable":true,"href":"https:\/\/dacorei.com\/fr\/wp-json\/wp\/v2\/comments?post=21"}],"version-history":[{"count":13,"href":"https:\/\/dacorei.com\/fr\/wp-json\/wp\/v2\/pages\/21\/revisions"}],"predecessor-version":[{"id":1247,"href":"https:\/\/dacorei.com\/fr\/wp-json\/wp\/v2\/pages\/21\/revisions\/1247"}],"wp:attachment":[{"href":"https:\/\/dacorei.com\/fr\/wp-json\/wp\/v2\/media?parent=21"}],"curies":[{"name":"wp","href":"https:\/\/api.w.org\/{rel}","templated":true}]}}