    {"id":507,"date":"2025-12-01T05:36:33","date_gmt":"2025-12-01T05:36:33","guid":{"rendered":"https:\/\/dacorei.com\/?page_id=507"},"modified":"2026-02-23T18:54:10","modified_gmt":"2026-02-23T18:54:10","slug":"terms-of-service","status":"publish","type":"page","link":"https:\/\/dacorei.com\/fr\/terms-of-service\/","title":{"rendered":"Conditions d&#039;utilisation"},"content":{"rendered":"<p><\/p>\n\n\n\n<h3 class=\"wp-block-heading\"><strong>1. Conditions<\/strong><\/h3>\n\n\n\n<p>En acc\u00e9dant \u00e0 <strong>dacorei.com<\/strong> En utilisant ce site web, vous acceptez d&#039;\u00eatre li\u00e9 par les pr\u00e9sentes conditions d&#039;utilisation, toutes les lois et r\u00e9glementations applicables, et vous reconnaissez \u00eatre responsable du respect de ces derni\u00e8res. <strong>lois nord-am\u00e9ricaines<\/strong>Si vous n&#039;acceptez pas ces conditions, il vous est interdit d&#039;utiliser ce site ou d&#039;y acc\u00e9der. Le contenu de ce site web est prot\u00e9g\u00e9 par les lois applicables en mati\u00e8re de droit d&#039;auteur et de marques de commerce.<\/p>\n\n\n\n<p><\/p>\n\n\n\n<h3 class=\"wp-block-heading\"><strong>2. Licence d&#039;utilisation<\/strong><\/h3>\n\n\n\n<p>L&#039;autorisation est accord\u00e9e de t\u00e9l\u00e9charger temporairement une copie des documents (informations ou logiciels) sur <strong>dacorei.com<\/strong>Le site web de [Nom de l&#039;entreprise] est destin\u00e9 \u00e0 une consultation personnelle, non commerciale et temporaire uniquement. Il s&#039;agit d&#039;une licence d&#039;utilisation, et non d&#039;un transfert de propri\u00e9t\u00e9. En vertu de cette licence, vous n&#039;\u00eates pas autoris\u00e9 \u00e0\u00a0:<\/p>\n\n\n\n<ul>\n<li>modifier ou copier les documents\u00a0;<\/li>\n\n\n\n<li>utiliser les documents \u00e0 des fins commerciales ou pour toute pr\u00e9sentation publique (commerciale ou non commerciale) ;<\/li>\n\n\n\n<li>tenter de d\u00e9compiler ou de r\u00e9troconcevoir tout logiciel contenu sur <strong>dacorei.com<\/strong> site web;<\/li>\n\n\n\n<li>supprimer toute mention de droit d&#039;auteur ou autre mention de propri\u00e9t\u00e9 sur les documents; ou<\/li>\n\n\n\n<li>transf\u00e9rer les documents \u00e0 une autre personne ou les reproduire sur un autre serveur.<\/li>\n<\/ul>\n\n\n\n<p>Cette licence sera automatiquement r\u00e9sili\u00e9e si vous enfreignez l&#039;une de ces restrictions et peut \u00eatre r\u00e9sili\u00e9e par <strong>dacorei.com<\/strong> \u00e0 tout moment. D\u00e8s que vous cessez de consulter ces documents ou d\u00e8s l&#039;expiration de cette licence, vous devez d\u00e9truire tous les documents t\u00e9l\u00e9charg\u00e9s en votre possession, qu&#039;ils soient au format \u00e9lectronique ou imprim\u00e9.<\/p>\n\n\n\n<p><\/p>\n\n\n\n<h3 class=\"wp-block-heading\"><strong>3. Clause de non-responsabilit\u00e9<\/strong><\/h3>\n\n\n\n<p>Les mat\u00e9riaux sur <strong>dacorei.com<\/strong>Les sites web de [Nom de l&#039;entreprise] sont fournis \u00ab en l&#039;\u00e9tat \u00bb. <strong>dacorei.com<\/strong> n&#039;offre aucune garantie, expresse ou implicite, et d\u00e9cline et annule par la pr\u00e9sente toutes les autres garanties, y compris, sans limitation, les garanties ou conditions implicites de qualit\u00e9 marchande, d&#039;ad\u00e9quation \u00e0 un usage particulier ou de non-violation de la propri\u00e9t\u00e9 intellectuelle ou d&#039;autres droits.<\/p>\n\n\n\n<p>Plus loin, <strong>dacorei.com<\/strong> ne garantit ni ne fait aucune d\u00e9claration concernant l&#039;exactitude, les r\u00e9sultats probables ou la fiabilit\u00e9 de l&#039;utilisation des documents sur son site Web ou concernant ces documents ou sur tout site li\u00e9 \u00e0 ce site.<\/p>\n\n\n\n<p><\/p>\n\n\n\n<h3 class=\"wp-block-heading\"><strong>4. Limitations<\/strong><\/h3>\n\n\n\n<p>En aucun cas <strong>dacorei.com<\/strong> ou ses fournisseurs ne sauraient \u00eatre tenus responsables de tout dommage (y compris, sans limitation, les dommages pour perte de donn\u00e9es ou de profits, ou dus \u00e0 une interruption d&#039;activit\u00e9) d\u00e9coulant de l&#039;utilisation ou de l&#039;impossibilit\u00e9 d&#039;utiliser les documents sur <strong>dacorei.com<\/strong>le site web de , m\u00eame si <strong>dacorei.com<\/strong> ou un <strong>dacorei.com<\/strong> Un repr\u00e9sentant autoris\u00e9 a \u00e9t\u00e9 inform\u00e9 oralement ou par \u00e9crit de la possibilit\u00e9 de tels dommages. \u00c9tant donn\u00e9 que certaines juridictions n&#039;autorisent pas les limitations de garanties implicites ni les limitations de responsabilit\u00e9 pour les dommages indirects ou accessoires, ces limitations peuvent ne pas s&#039;appliquer \u00e0 vous.<\/p>\n\n\n\n<p><\/p>\n\n\n\n<h3 class=\"wp-block-heading\"><strong>5. Pr\u00e9cision des mat\u00e9riaux<\/strong><\/h3>\n\n\n\n<p>Les documents figurant sur <strong>dacorei.com<\/strong>Le site web de [Nom de l&#039;entreprise] pourrait contenir des erreurs techniques, typographiques ou photographiques. <strong>dacorei.com<\/strong> ne garantit pas que les informations figurant sur son site web soient exactes, compl\u00e8tes ou \u00e0 jour. <strong>dacorei.com<\/strong> peut apporter des modifications au contenu de son site web \u00e0 tout moment et sans pr\u00e9avis. <strong>dacorei.com<\/strong> ne prend aucun engagement quant \u00e0 la mise \u00e0 jour des documents.<\/p>\n\n\n\n<p><\/p>\n\n\n\n<h3 class=\"wp-block-heading\"><strong>6. Liens<\/strong><\/h3>\n\n\n\n<p><strong>dacorei.com<\/strong> n&#039;a pas examin\u00e9 tous les sites li\u00e9s \u00e0 son site web et n&#039;est pas responsable du contenu de ces sites. L&#039;inclusion d&#039;un lien n&#039;implique aucune approbation de sa part. <strong>dacorei.com<\/strong> du site. L&#039;utilisation de tout site web li\u00e9 se fait aux risques et p\u00e9rils de l&#039;utilisateur.<\/p>\n\n\n\n<p><\/p>\n\n\n\n<h3 class=\"wp-block-heading\"><strong>7. Modifications<\/strong><\/h3>\n\n\n\n<p><strong>dacorei.com<\/strong> L&#039;entreprise peut modifier les pr\u00e9sentes conditions d&#039;utilisation de son site web \u00e0 tout moment et sans pr\u00e9avis. En utilisant ce site web, vous acceptez d&#039;\u00eatre li\u00e9 par la version en vigueur des pr\u00e9sentes conditions d&#039;utilisation.<\/p>\n\n\n\n<p><\/p>\n\n\n\n<h3 class=\"wp-block-heading\"><strong>8. Droit applicable<\/strong><\/h3>\n\n\n\n<p>Les pr\u00e9sentes conditions g\u00e9n\u00e9rales sont r\u00e9gies par le droit des \u00c9tats-Unis d&#039;Am\u00e9rique et interpr\u00e9t\u00e9es conform\u00e9ment \u00e0 celui-ci. Vous acceptez irr\u00e9vocablement que tout litige d\u00e9coulant des pr\u00e9sentes conditions g\u00e9n\u00e9rales ou s&#039;y rapportant soit soumis \u00e0 la comp\u00e9tence exclusive des tribunaux des \u00c9tats-Unis.<\/p>","protected":false},"excerpt":{"rendered":"<p>1. Terms By accessing the dacorei.com website, you agree to be bound by these terms of service, all applicable laws and regulations, and agree that you are responsible for compliance with any North American laws. If you do not agree with any of these terms, you are prohibited from using or accessing this site. The [&hellip;]<\/p>","protected":false},"author":250,"featured_media":0,"parent":0,"menu_order":0,"comment_status":"closed","ping_status":"closed","template":"","meta":{"footnotes":""},"_links":{"self":[{"href":"https:\/\/dacorei.com\/fr\/wp-json\/wp\/v2\/pages\/507"}],"collection":[{"href":"https:\/\/dacorei.com\/fr\/wp-json\/wp\/v2\/pages"}],"about":[{"href":"https:\/\/dacorei.com\/fr\/wp-json\/wp\/v2\/types\/page"}],"author":[{"embeddable":true,"href":"https:\/\/dacorei.com\/fr\/wp-json\/wp\/v2\/users\/250"}],"replies":[{"embeddable":true,"href":"https:\/\/dacorei.com\/fr\/wp-json\/wp\/v2\/comments?post=507"}],"version-history":[{"count":4,"href":"https:\/\/dacorei.com\/fr\/wp-json\/wp\/v2\/pages\/507\/revisions"}],"predecessor-version":[{"id":1248,"href":"https:\/\/dacorei.com\/fr\/wp-json\/wp\/v2\/pages\/507\/revisions\/1248"}],"wp:attachment":[{"href":"https:\/\/dacorei.com\/fr\/wp-json\/wp\/v2\/media?parent=507"}],"curies":[{"name":"wp","href":"https:\/\/api.w.org\/{rel}","templated":true}]}}