    {"id":512,"date":"2025-12-01T05:44:32","date_gmt":"2025-12-01T05:44:32","guid":{"rendered":"https:\/\/dacorei.com\/?page_id=512"},"modified":"2025-12-01T05:44:32","modified_gmt":"2025-12-01T05:44:32","slug":"about-us","status":"publish","type":"page","link":"https:\/\/dacorei.com\/fr\/about-us\/","title":{"rendered":"\u00c0 propos de nous"},"content":{"rendered":"<p><\/p>\n\n\n\n<p>\u00c0 <strong>dacorei.com<\/strong>Nous pensons que la technologie doit \u00eatre simple, utile et accessible \u00e0 tous. C&#039;est pourquoi nous avons cr\u00e9\u00e9 un espace o\u00f9 vous pouvez trouver du contenu fiable et pratique sur\u2026 <strong>applications mobiles<\/strong>, <strong>s\u00e9curit\u00e9 en ligne<\/strong>, <strong>innovation technologique<\/strong>, et les meilleurs conseils pour <strong>T\u00e9l\u00e9vision et divertissement<\/strong>.<\/p>\n\n\n\n<p>Nous sommes passionn\u00e9s par la recherche de solutions qui aident les gens \u00e0 tirer le meilleur parti de leurs appareils, qu&#039;il s&#039;agisse de prot\u00e9ger leurs donn\u00e9es personnelles, de trouver des applications essentielles ou de transformer leur t\u00e9l\u00e9viseur en un v\u00e9ritable centre de divertissement.<\/p>\n\n\n\n<hr class=\"wp-block-separator has-alpha-channel-opacity\" \/>\n\n\n\n<h2 class=\"wp-block-heading\">\ud83d\udca1 Notre mission<\/h2>\n\n\n\n<p>Aider les gens \u00e0 rester inform\u00e9s et confiants dans le monde num\u00e9rique en proposant des guides pratiques, des analyses claires et des recommandations qui facilitent l&#039;utilisation des technologies au quotidien.<\/p>\n\n\n\n<hr class=\"wp-block-separator has-alpha-channel-opacity\" \/>\n\n\n\n<h2 class=\"wp-block-heading\">\ud83d\ude80 Ce qui nous diff\u00e9rencie<\/h2>\n\n\n\n<ul>\n<li>Contenu mis \u00e0 jour ax\u00e9 sur les avantages r\u00e9els<\/li>\n\n\n\n<li>Un langage clair, sans complexit\u00e9<\/li>\n\n\n\n<li>Forte priorit\u00e9 accord\u00e9e \u00e0 la s\u00e9curit\u00e9 et \u00e0 la cr\u00e9dibilit\u00e9<\/li>\n\n\n\n<li>Approche globale de la technologie et du divertissement<\/li>\n<\/ul>\n\n\n\n<p>Ici, vous apprenez vite, vous appliquez imm\u00e9diatement et vous profitez de tout ce que votre smartphone, votre t\u00e9l\u00e9vision et Internet peuvent vous offrir.<\/p>\n\n\n\n<hr class=\"wp-block-separator has-alpha-channel-opacity\" \/>\n\n\n\n<h2 class=\"wp-block-heading\">\ud83e\udde9 Comment tout a commenc\u00e9<\/h2>\n\n\n\n<p><strong>dacorei.com<\/strong> Notre objectif est de simplifier la technologie pour tous. Dans un monde o\u00f9 l&#039;innovation num\u00e9rique \u00e9volue chaque jour, nous savons qu&#039;il est difficile de suivre le rythme\u00a0; c&#039;est pourquoi nous sommes l\u00e0\u00a0: pour vous guider sur ce qui compte vraiment.<\/p>\n\n\n\n<hr class=\"wp-block-separator has-alpha-channel-opacity\" \/>\n\n\n\n<h2 class=\"wp-block-heading\">\u270d\ufe0f Qui sommes-nous ?<\/h2>\n\n\n\n<p>Une \u00e9quipe d\u00e9vou\u00e9e de cr\u00e9ateurs f\u00e9rus de technologie et de sp\u00e9cialistes de la communication explorant constamment ce qui aide r\u00e9ellement les gens\u00a0: <strong>simplicit\u00e9, s\u00e9curit\u00e9 et plaisir<\/strong>.<\/p>\n\n\n\n<hr class=\"wp-block-separator has-alpha-channel-opacity\" \/>\n\n\n\n<h2 class=\"wp-block-heading\">\ud83e\udd1d Qui nous aidons<\/h2>\n\n\n\n<ul>\n<li>Utilisateurs \u00e0 la recherche des applications les plus r\u00e9centes et les plus utiles<\/li>\n\n\n\n<li>Les personnes qui souhaitent une meilleure protection en ligne<\/li>\n\n\n\n<li>Les fans de streaming, de films, de s\u00e9ries et de t\u00e9l\u00e9viseurs intelligents<\/li>\n\n\n\n<li>Toute personne souhaitant suivre facilement les tendances technologiques<\/li>\n<\/ul>\n\n\n\n<hr class=\"wp-block-separator has-alpha-channel-opacity\" \/>\n\n\n\n<h2 class=\"wp-block-heading\">\ud83d\udce9 Restez connect\u00e9s<\/h2>\n\n\n\n<p>Vous voulez \u00eatre inform\u00e9(e) des derni\u00e8res actualit\u00e9s et astuces avant tout le monde ?<br>\ud83d\udc49 Continuez \u00e0 explorer <strong>dacorei.com<\/strong> Suivez-nous sur les r\u00e9seaux sociaux pour rester inform\u00e9.<\/p>\n\n\n\n<p>Si vous avez des suggestions, des questions ou des commentaires, nous sommes toujours pr\u00eats \u00e0 vous entendre.<br>\u2728 <strong>La vie num\u00e9rique simplifi\u00e9e \u2014 \u00e7a commence ici.<\/strong><\/p>","protected":false},"excerpt":{"rendered":"<p>At dacorei.com, we believe technology should be simple, useful, and accessible to everyone. That\u2019s why we built a space where you can find trustworthy and practical content about mobile apps, online security, tech innovation, and the best tips for TV and entertainment. We are passionate about discovering solutions that help people get the most out [&hellip;]<\/p>","protected":false},"author":250,"featured_media":0,"parent":0,"menu_order":0,"comment_status":"closed","ping_status":"closed","template":"","meta":{"footnotes":""},"_links":{"self":[{"href":"https:\/\/dacorei.com\/fr\/wp-json\/wp\/v2\/pages\/512"}],"collection":[{"href":"https:\/\/dacorei.com\/fr\/wp-json\/wp\/v2\/pages"}],"about":[{"href":"https:\/\/dacorei.com\/fr\/wp-json\/wp\/v2\/types\/page"}],"author":[{"embeddable":true,"href":"https:\/\/dacorei.com\/fr\/wp-json\/wp\/v2\/users\/250"}],"replies":[{"embeddable":true,"href":"https:\/\/dacorei.com\/fr\/wp-json\/wp\/v2\/comments?post=512"}],"version-history":[{"count":1,"href":"https:\/\/dacorei.com\/fr\/wp-json\/wp\/v2\/pages\/512\/revisions"}],"predecessor-version":[{"id":513,"href":"https:\/\/dacorei.com\/fr\/wp-json\/wp\/v2\/pages\/512\/revisions\/513"}],"wp:attachment":[{"href":"https:\/\/dacorei.com\/fr\/wp-json\/wp\/v2\/media?parent=512"}],"curies":[{"name":"wp","href":"https:\/\/api.w.org\/{rel}","templated":true}]}}