    {"id":21,"date":"2025-11-29T15:55:55","date_gmt":"2025-11-29T15:55:55","guid":{"rendered":"https:\/\/dacorei.com\/?page_id=21"},"modified":"2026-02-23T18:52:03","modified_gmt":"2026-02-23T18:52:03","slug":"privacy-policy","status":"publish","type":"page","link":"https:\/\/dacorei.com\/mx\/privacy-policy\/","title":{"rendered":"pol\u00edtica de privacidad"},"content":{"rendered":"<p>Su privacidad es importante para nosotros. La pol\u00edtica de Dacorei es respetar su privacidad con respecto a cualquier informaci\u00f3n que podamos recopilar de usted a trav\u00e9s de nuestro sitio web,&nbsp;<a href=\"https:\/\/dacorei.com\/mx\/\">Dacorei<\/a>y otros sitios que poseemos y operamos.<\/p>\n\n\n\n<p>Solo solicitamos informaci\u00f3n personal cuando realmente la necesitamos para brindarle un servicio. La recopilamos de forma justa y legal, con su conocimiento y consentimiento. Asimismo, le informamos por qu\u00e9 la recopilamos y c\u00f3mo se utilizar\u00e1.<\/p>\n\n\n\n<p>Solo conservamos la informaci\u00f3n recopilada durante el tiempo necesario para brindarle el servicio solicitado. Protegemos los datos que almacenamos con medidas comercialmente aceptables para evitar su p\u00e9rdida, robo, acceso no autorizado, divulgaci\u00f3n, copia, uso o modificaci\u00f3n.<\/p>\n\n\n\n<p>No compartimos informaci\u00f3n personal identificativa p\u00fablicamente ni con terceros, excepto cuando as\u00ed lo exige la ley.<\/p>\n\n\n\n<p>Nuestro sitio web puede contener enlaces a sitios externos que no gestionamos. Tenga en cuenta que no tenemos control sobre el contenido ni las pr\u00e1cticas de estos sitios, y no nos hacemos responsables de sus respectivas pol\u00edticas de privacidad.<\/p>\n\n\n\n<p>Usted tiene la libertad de negarse a proporcionarnos su informaci\u00f3n personal, entendiendo que, en ese caso, es posible que no podamos brindarle algunos de los servicios que desea.<\/p>\n\n\n\n<p>El uso continuado de nuestro sitio web implica la aceptaci\u00f3n de nuestras pr\u00e1cticas en materia de privacidad y protecci\u00f3n de datos personales. Si tiene alguna pregunta sobre c\u00f3mo gestionamos los datos de los usuarios y su informaci\u00f3n personal, no dude en ponerse en contacto con nosotros.<\/p>\n\n\n\n<h2 class=\"wp-block-heading\"><strong>Pol\u00edtica de cookies de Dacorei<\/strong><\/h2>\n\n\n\n<p>Esta es la Pol\u00edtica de Cookies de Dacorei, accesible desde la URL https:\/\/dacorei.com\/.<\/p>\n\n\n\n<h2 class=\"wp-block-heading\"><strong>\u00bfQu\u00e9 son las cookies?<\/strong><\/h2>\n\n\n\n<p>Como es pr\u00e1ctica habitual en casi todos los sitios web profesionales, este sitio utiliza cookies, que son peque\u00f1os archivos que se descargan en su ordenador, para mejorar su experiencia. <\/p>\n\n\n\n<p>Esta p\u00e1gina describe qu\u00e9 informaci\u00f3n recopilamos, c\u00f3mo la usamos y por qu\u00e9 a veces necesitamos almacenar estas cookies. Tambi\u00e9n le explicaremos c\u00f3mo puede evitar que se almacenen, aunque esto podr\u00eda afectar negativamente o incluso inutilizar algunas funciones del sitio web.<\/p>\n\n\n\n<h2 class=\"wp-block-heading\"><strong>C\u00f3mo utilizamos las cookies<\/strong><\/h2>\n\n\n\n<p>Utilizamos cookies por diversas razones que se detallan a continuaci\u00f3n. Lamentablemente, en la mayor\u00eda de los casos no existen opciones est\u00e1ndar para desactivar las cookies sin deshabilitar por completo la funcionalidad y las caracter\u00edsticas que aportan a este sitio. Se recomienda mantener todas las cookies activadas si no est\u00e1 seguro de si las necesita o no, ya que podr\u00edan utilizarse para proporcionar un servicio que usted utiliza.<\/p>\n\n\n\n<h2 class=\"wp-block-heading\"><strong>Deshabilitar las cookies<\/strong><\/h2>\n\n\n\n<p>Puedes impedir que se instalen cookies ajustando la configuraci\u00f3n de tu navegador (consulta la ayuda de tu navegador para saber c\u00f3mo hacerlo). Ten en cuenta que deshabilitar las cookies afectar\u00e1 al funcionamiento de este y muchos otros sitios web que visites. <\/p>\n\n\n\n<p>Deshabilitar las cookies generalmente tambi\u00e9n deshabilitar\u00e1 ciertas funciones y caracter\u00edsticas de este sitio. Por lo tanto, se recomienda no deshabilitarlas.<\/p>\n\n\n\n<p><\/p>\n\n\n\n<h2 class=\"wp-block-heading\"><strong>Personalizaci\u00f3n de la publicidad y control del usuario<\/strong><\/h2>\n\n\n\n<p>Utilizamos socios publicitarios externos, como Google, que pueden usar cookies y tecnolog\u00edas similares para mostrar anuncios personalizados basados en sus visitas anteriores a este y otros sitios web.<\/p>\n\n\n\n<p>La publicidad personalizada ayuda a mostrar anuncios m\u00e1s relevantes para tus intereses y h\u00e1bitos de navegaci\u00f3n. Sin embargo, tienes control total sobre c\u00f3mo se utilizan tus datos con fines publicitarios.<\/p>\n\n\n\n<p>Puedes gestionar o desactivar la personalizaci\u00f3n de anuncios en cualquier momento visitando las siguientes plataformas:<\/p>\n\n\n\n<ul>\n<li><a href=\"https:\/\/adssettings.google.com\">https:\/\/adssettings.google.com<\/a><\/li>\n\n\n\n<li><a href=\"https:\/\/myadcenter.google.com\">https:\/\/myadcenter.google.com<\/a><\/li>\n<\/ul>\n\n\n\n<p>A trav\u00e9s de estas p\u00e1ginas, puedes revisar tus preferencias de anuncios, ajustar la configuraci\u00f3n de personalizaci\u00f3n o desactivar la publicidad personalizada.<\/p>\n\n\n\n<p>Tenga en cuenta que desactivar los anuncios personalizados no significa que dejar\u00e1 de ver anuncios; simplemente significa que los anuncios que se muestren podr\u00edan ser menos relevantes para sus intereses.<\/p>\n\n\n\n<h2 class=\"wp-block-heading\"><strong>Las cookies que utilizamos<\/strong><\/h2>\n\n\n\n<p>cookies relacionadas con la cuenta<\/p>\n\n\n\n<p>Si creas una cuenta con nosotros, utilizaremos cookies para gestionar el proceso de registro y la administraci\u00f3n general. Estas cookies generalmente se eliminan al cerrar sesi\u00f3n; sin embargo, en algunos casos pueden permanecer para recordar tus preferencias del sitio incluso despu\u00e9s de cerrar sesi\u00f3n.<\/p>\n\n\n\n<p><\/p>\n\n\n\n<p>Cookies relacionadas con el inicio de sesi\u00f3n<\/p>\n\n\n\n<p>Utilizamos cookies cuando inicias sesi\u00f3n para recordar que has iniciado sesi\u00f3n. Esto evita que tengas que iniciar sesi\u00f3n cada vez que visites una p\u00e1gina nueva. Estas cookies se eliminan o borran autom\u00e1ticamente al cerrar sesi\u00f3n para garantizar que solo puedas acceder a las funciones y \u00e1reas restringidas cuando hayas iniciado sesi\u00f3n.<br><\/p>\n\n\n\n<p>Cookies relacionadas con boletines informativos por correo electr\u00f3nico<\/p>\n\n\n\n<p>Este sitio ofrece servicios de suscripci\u00f3n a boletines informativos o correos electr\u00f3nicos, y se pueden utilizar cookies para recordar si ya est\u00e1 registrado y para mostrar ciertas notificaciones que solo son v\u00e1lidas para usuarios suscritos o no suscritos.<br><\/p>\n\n\n\n<p>Cookies relacionadas con el procesamiento de pedidos<\/p>\n\n\n\n<p>Este sitio ofrece servicios de comercio electr\u00f3nico o pago, y algunas cookies son esenciales para garantizar que su pedido se recuerde entre p\u00e1ginas y as\u00ed poder procesarlo correctamente.<br><\/p>\n\n\n\n<p>Cookies relacionadas con encuestas<\/p>\n\n\n\n<p>De vez en cuando, realizamos encuestas y cuestionarios para ofrecerles informaci\u00f3n interesante, herramientas \u00fatiles o para comprender mejor a nuestra base de usuarios. Estas encuestas pueden usar cookies para recordar qui\u00e9n ya ha participado o para mostrarles resultados precisos despu\u00e9s de cambiar de p\u00e1gina.<br><\/p>\n\n\n\n<p>Cookies relacionadas con formularios<\/p>\n\n\n\n<p>Cuando usted env\u00eda datos a trav\u00e9s de un formulario, como los que se encuentran en las p\u00e1ginas de contacto o en los formularios de comentarios, se pueden configurar cookies para recordar sus datos de usuario para futuras comunicaciones.<br><\/p>\n\n\n\n<p>cookies de preferencias del sitio<\/p>\n\n\n\n<p>Para ofrecerte una excelente experiencia en este sitio, te brindamos la posibilidad de configurar tus preferencias de uso. Para recordar tus preferencias, necesitamos usar cookies, de modo que esta informaci\u00f3n se pueda recuperar cada vez que interact\u00faes con una p\u00e1gina que se vea afectada por tus preferencias.<\/p>\n\n\n\n<h2 class=\"wp-block-heading\"><strong>Cookies de terceros<\/strong><\/h2>\n\n\n\n<p>En algunos casos especiales, tambi\u00e9n utilizamos cookies proporcionadas por terceros de confianza. La siguiente secci\u00f3n detalla qu\u00e9 cookies de terceros podr\u00eda encontrar en este sitio web.<\/p>\n\n\n\n<ul>\n<li>Este sitio web utiliza Google Analytics, una de las soluciones de an\u00e1lisis web m\u00e1s extendidas y fiables, que nos ayuda a comprender c\u00f3mo utiliza usted el sitio y c\u00f3mo podemos mejorar su experiencia. <br><\/li>\n\n\n\n<li>Estas cookies pueden rastrear informaci\u00f3n como el tiempo que pasa en el sitio y las p\u00e1ginas que visita para que podamos seguir produciendo contenido interesante. Para obtener m\u00e1s informaci\u00f3n sobre las cookies de Google Analytics, consulte la\u00a0<a href=\"https:\/\/developers.google.com\/analytics\/devguides\/collection\/gtagjs\/cookie-usage\" target=\"_blank\" rel=\"noreferrer noopener\">P\u00e1gina oficial de Google Analytics<\/a>.<br><\/li>\n\n\n\n<li>Utilizamos herramientas de an\u00e1lisis de terceros para rastrear y medir el uso de este sitio web y as\u00ed poder seguir creando contenido interesante. Estas cookies pueden registrar informaci\u00f3n como el tiempo que pasas en el sitio o las p\u00e1ginas que visitas, lo que nos ayuda a comprender c\u00f3mo podemos mejorarlo para ti.<br><\/li>\n\n\n\n<li>De vez en cuando, probamos nuevas funciones y realizamos peque\u00f1os cambios en la forma en que se presenta el sitio. Mientras probamos estas nuevas funciones, podemos usar cookies para garantizar que disfrutes de una experiencia consistente en el sitio y, al mismo tiempo, comprender qu\u00e9 optimizaciones aprecian m\u00e1s nuestros usuarios.<br><\/li>\n\n\n\n<li>Dado que vendemos productos, es importante para nosotros comprender las estad\u00edsticas sobre cu\u00e1ntos visitantes de nuestro sitio web realizan una compra. Este es el tipo de datos que recopilan estas cookies. Esto es importante para usted, ya que nos permite realizar predicciones comerciales precisas que nos ayudan a controlar nuestros costos de publicidad y productos para garantizar el mejor precio posible.<\/li>\n<\/ul>\n\n\n\n<ul>\n<li>Tambi\u00e9n utilizamos botones y\/o complementos de redes sociales en este sitio web que le permiten conectarse con su red social de diversas maneras. Para que funcionen, las siguientes redes sociales, como Facebook, Twitter, LinkedIn e Instagram, instalar\u00e1n cookies a trav\u00e9s de nuestro sitio web, las cuales podr\u00e1n utilizarse para mejorar su perfil en sus plataformas o contribuir a los datos que recopilan para diversos fines, tal como se describe en sus respectivas pol\u00edticas de privacidad.<\/li>\n<\/ul>\n\n\n\n<h2 class=\"wp-block-heading\"><strong>Responsabilidades del usuario<\/strong><\/h2>\n\n\n\n<p>El usuario se compromete a hacer un uso adecuado de los contenidos e informaci\u00f3n ofrecidos en el sitio con un comportamiento enunciativo, pero no imitativo:<\/p>\n\n\n\n<ul>\n<li>A) No participar en actividades que sean ilegales o contrarias a la buena fe y al orden p\u00fablico;<br><\/li>\n\n\n\n<li>B) No difundir propaganda o contenido de naturaleza racista, xen\u00f3foba, [link key=\u201dPPMX\u201d] o de juegos de azar, ning\u00fan tipo de pornograf\u00eda ilegal, afirmaciones terroristas o contrarias a los derechos humanos;<br><\/li>\n\n\n\n<li>C) No cause da\u00f1os a los sistemas f\u00edsicos (hardware) e inaccesibles (software) de Dacorei, sus proveedores o terceros, para introducir o difundir virus inform\u00e1ticos o cualquier otro sistema de hardware o software que sea capaz de causar los da\u00f1os mencionados anteriormente.<\/li>\n<\/ul>\n\n\n\n<h2 class=\"wp-block-heading\"><strong>M\u00e1s informaci\u00f3n<\/strong><\/h2>\n\n\n\n<p>Esperamos que esto haya aclarado sus dudas y, como ya se mencion\u00f3, si no est\u00e1 seguro de si necesita o no las cookies, generalmente es m\u00e1s seguro dejarlas habilitadas por si interact\u00faan con alguna de las funciones que utiliza en nuestro sitio.<\/p>\n\n\n\n<p>Esta pol\u00edtica entra en vigor el 29 de noviembre de 2025 a las 15:54.<\/p>","protected":false},"excerpt":{"rendered":"<p>Your privacy is important to us. It is Dacorei&#8217;s policy to respect your privacy regarding any information we may collect from you across our website,&nbsp;Dacorei, and other sites we own and operate. We only ask for personal information when we truly need it to provide a service to you. We collect it by fair and [&hellip;]<\/p>","protected":false},"author":250,"featured_media":0,"parent":0,"menu_order":0,"comment_status":"closed","ping_status":"closed","template":"","meta":{"footnotes":""},"_links":{"self":[{"href":"https:\/\/dacorei.com\/mx\/wp-json\/wp\/v2\/pages\/21"}],"collection":[{"href":"https:\/\/dacorei.com\/mx\/wp-json\/wp\/v2\/pages"}],"about":[{"href":"https:\/\/dacorei.com\/mx\/wp-json\/wp\/v2\/types\/page"}],"author":[{"embeddable":true,"href":"https:\/\/dacorei.com\/mx\/wp-json\/wp\/v2\/users\/250"}],"replies":[{"embeddable":true,"href":"https:\/\/dacorei.com\/mx\/wp-json\/wp\/v2\/comments?post=21"}],"version-history":[{"count":13,"href":"https:\/\/dacorei.com\/mx\/wp-json\/wp\/v2\/pages\/21\/revisions"}],"predecessor-version":[{"id":1247,"href":"https:\/\/dacorei.com\/mx\/wp-json\/wp\/v2\/pages\/21\/revisions\/1247"}],"wp:attachment":[{"href":"https:\/\/dacorei.com\/mx\/wp-json\/wp\/v2\/media?parent=21"}],"curies":[{"name":"wp","href":"https:\/\/api.w.org\/{rel}","templated":true}]}}