    {"id":515,"date":"2025-12-01T05:46:37","date_gmt":"2025-12-01T05:46:37","guid":{"rendered":"https:\/\/dacorei.com\/?page_id=515"},"modified":"2026-01-08T18:53:47","modified_gmt":"2026-01-08T18:53:47","slug":"contact-us","status":"publish","type":"page","link":"https:\/\/dacorei.com\/mx\/contact-us\/","title":{"rendered":"Cont\u00e1ctanos"},"content":{"rendered":"<p>\u00a1Estamos aqu\u00ed para ayudarte! Si tienes preguntas, sugerencias, propuestas de colaboraci\u00f3n o simplemente quieres compartir tus comentarios sobre nuestro contenido, no dudes en contactarnos.<\/p>\n\n\n\n<p>En <strong>dacorei.com<\/strong>Valoramos tu opini\u00f3n y queremos asegurarnos de que siempre tengas la mejor experiencia con nuestra tecnolog\u00eda y contenido de entretenimiento.<\/p>\n\n\n\n<h2 class=\"wp-block-heading\">Ponte en contacto con nosotros<\/h2>\n\n\n\n<p>Si tiene alguna pregunta o sugerencia, no dude en ponerse en contacto con nosotros a trav\u00e9s del formulario que encontrar\u00e1 a continuaci\u00f3n:<\/p>\n\n\n\n<p><\/p>\n\n\n\n<div class=\"wpforms-container wpforms-container-full wpforms-render-modern\" id=\"wpforms-942\"><form id=\"wpforms-form-942\" class=\"wpforms-validate wpforms-form wpforms-ajax-form\" data-formid=\"942\" method=\"post\" enctype=\"multipart\/form-data\" action=\"\/mx\/wp-json\/wp\/v2\/pages\/515\" data-token=\"c8e3a240b2830cbd00a6fe46cb60cec9\" data-token-time=\"1775453907\" data-trp-original-action=\"\/mx\/wp-json\/wp\/v2\/pages\/515\"><noscript class=\"wpforms-error-noscript\">Por favor, activa JavaScript en tu navegador para completar este formulario.<\/noscript><div class=\"wpforms-hidden\" id=\"wpforms-error-noscript\">Por favor, activa JavaScript en tu navegador para completar este formulario.<\/div><div class=\"wpforms-field-container\"><div id=\"wpforms-942-field_1-container\" class=\"wpforms-field wpforms-field-name\" data-field-id=\"1\"><fieldset><legend class=\"wpforms-field-label\">Nombre <span class=\"wpforms-required-label\" aria-hidden=\"true\">*<\/span><\/legend><div class=\"wpforms-field-row wpforms-field-medium\"><div class=\"wpforms-field-row-block wpforms-first wpforms-one-half\"><input type=\"text\" id=\"wpforms-942-field_1\" class=\"wpforms-field-name-first wpforms-field-required\" name=\"wpforms[fields][1][first]\" aria-errormessage=\"wpforms-942-field_1-error\" required><label for=\"wpforms-942-field_1\" class=\"wpforms-field-sublabel after\">Nombre<\/label><\/div><div class=\"wpforms-field-row-block wpforms-one-half\"><input type=\"text\" id=\"wpforms-942-field_1-last\" class=\"wpforms-field-name-last wpforms-field-required\" name=\"wpforms[fields][1][last]\" aria-errormessage=\"wpforms-942-field_1-last-error\" required><label for=\"wpforms-942-field_1-last\" class=\"wpforms-field-sublabel after\">Apellidos<\/label><\/div><\/div><\/fieldset><\/div><div id=\"wpforms-942-field_2-container\" class=\"wpforms-field wpforms-field-email\" data-field-id=\"2\"><label class=\"wpforms-field-label\" for=\"wpforms-942-field_2\">Correo electr\u00f3nico <span class=\"wpforms-required-label\" aria-hidden=\"true\">*<\/span><\/label><input type=\"email\" id=\"wpforms-942-field_2\" class=\"wpforms-field-medium wpforms-field-required\" name=\"wpforms[fields][2]\" spellcheck=\"false\" aria-errormessage=\"wpforms-942-field_2-error\" required><\/div>\t\t<div id=\"wpforms-942-field_4-container\"\n\t\t\tclass=\"wpforms-field wpforms-field-text\"\n\t\t\tdata-field-type=\"text\"\n\t\t\tdata-field-id=\"4\"\n\t\t\t>\n\t\t\t<label class=\"wpforms-field-label\" for=\"wpforms-942-field_4\" >Email or Comment<\/label>\n\t\t\t<input type=\"text\" id=\"wpforms-942-field_4\" class=\"wpforms-field-medium\" name=\"wpforms[fields][4]\" >\n\t\t<\/div>\n\t\t<div id=\"wpforms-942-field_3-container\" class=\"wpforms-field wpforms-field-textarea\" data-field-id=\"3\"><label class=\"wpforms-field-label\" for=\"wpforms-942-field_3\">Comentario o mensaje<\/label><textarea id=\"wpforms-942-field_3\" class=\"wpforms-field-medium\" name=\"wpforms[fields][3]\" aria-errormessage=\"wpforms-942-field_3-error\" ><\/textarea><\/div><script>\n\t\t\t\t( function() {\n\t\t\t\t\tconst style = document.createElement( 'style' );\n\t\t\t\t\tstyle.appendChild( document.createTextNode( '#wpforms-942-field_4-container { position: absolute !important; overflow: hidden !important; display: inline !important; height: 1px !important; width: 1px !important; z-index: -1000 !important; padding: 0 !important; } #wpforms-942-field_4-container input { visibility: hidden; } #wpforms-conversational-form-page #wpforms-942-field_4-container label { counter-increment: none; }' ) );\n\t\t\t\t\tdocument.head.appendChild( style );\n\t\t\t\t\tdocument.currentScript?.remove();\n\t\t\t\t} )();\n\t\t\t<\/script><\/div><!-- .wpforms-field-container --><div class=\"wpforms-submit-container\" ><input type=\"hidden\" name=\"wpforms[id]\" value=\"942\"><input type=\"hidden\" name=\"page_title\" value=\"\"><input type=\"hidden\" name=\"page_url\" value=\"https:\/\/dacorei.com\/mx\/wp-json\/wp\/v2\/pages\/515\"><input type=\"hidden\" name=\"url_referer\" value=\"\"><button type=\"submit\" name=\"wpforms[submit]\" id=\"wpforms-submit-942\" class=\"wpforms-submit\" data-alt-text=\"Sending...\" data-submit-text=\"Submit\" aria-live=\"assertive\" value=\"wpforms-submit\">Entregar<\/button><img loading=\"lazy\" decoding=\"async\" src=\"https:\/\/dacorei.com\/wp-content\/plugins\/wpforms-lite\/assets\/images\/submit-spin.svg\" class=\"wpforms-submit-spinner\" style=\"display: none;\" width=\"26\" height=\"26\" alt=\"Cargando\"><\/div><input type=\"hidden\" name=\"trp-form-language\" value=\"mx\"\/><\/form><\/div>  <!-- .wpforms-container -->","protected":false},"excerpt":{"rendered":"<p>We\u2019re here to help! If you have questions, suggestions, partnership proposals, or just want to share feedback about our content, feel free to reach out. At dacorei.com, we value your opinion and want to ensure you always have the best experience with our technology and entertainment content. Git in touch with usa If you have [&hellip;]<\/p>","protected":false},"author":250,"featured_media":0,"parent":0,"menu_order":0,"comment_status":"open","ping_status":"closed","template":"","meta":{"footnotes":""},"_links":{"self":[{"href":"https:\/\/dacorei.com\/mx\/wp-json\/wp\/v2\/pages\/515"}],"collection":[{"href":"https:\/\/dacorei.com\/mx\/wp-json\/wp\/v2\/pages"}],"about":[{"href":"https:\/\/dacorei.com\/mx\/wp-json\/wp\/v2\/types\/page"}],"author":[{"embeddable":true,"href":"https:\/\/dacorei.com\/mx\/wp-json\/wp\/v2\/users\/250"}],"replies":[{"embeddable":true,"href":"https:\/\/dacorei.com\/mx\/wp-json\/wp\/v2\/comments?post=515"}],"version-history":[{"count":12,"href":"https:\/\/dacorei.com\/mx\/wp-json\/wp\/v2\/pages\/515\/revisions"}],"predecessor-version":[{"id":944,"href":"https:\/\/dacorei.com\/mx\/wp-json\/wp\/v2\/pages\/515\/revisions\/944"}],"wp:attachment":[{"href":"https:\/\/dacorei.com\/mx\/wp-json\/wp\/v2\/media?parent=515"}],"curies":[{"name":"wp","href":"https:\/\/api.w.org\/{rel}","templated":true}]}}