    {"id":507,"date":"2025-12-01T05:36:33","date_gmt":"2025-12-01T05:36:33","guid":{"rendered":"https:\/\/dacorei.com\/?page_id=507"},"modified":"2026-02-23T18:54:10","modified_gmt":"2026-02-23T18:54:10","slug":"terms-of-service","status":"publish","type":"page","link":"https:\/\/dacorei.com\/pt\/terms-of-service\/","title":{"rendered":"Termos de Servi\u00e7o"},"content":{"rendered":"<p><\/p>\n\n\n\n<h3 class=\"wp-block-heading\"><strong>1. Termos<\/strong><\/h3>\n\n\n\n<p>Ao acessar o <strong>dacorei.com<\/strong> Ao acessar este site, voc\u00ea concorda em estar vinculado a estes termos de servi\u00e7o, a todas as leis e regulamentos aplic\u00e1veis e concorda que \u00e9 respons\u00e1vel pelo cumprimento de todas as leis e regulamentos. <strong>leis norte-americanas<\/strong>Se voc\u00ea n\u00e3o concordar com algum destes termos, fica proibido de usar ou acessar este site. Os materiais contidos neste site s\u00e3o protegidos pelas leis de direitos autorais e marcas registradas aplic\u00e1veis.<\/p>\n\n\n\n<p><\/p>\n\n\n\n<h3 class=\"wp-block-heading\"><strong>2. Licen\u00e7a de Uso<\/strong><\/h3>\n\n\n\n<p>\u00c9 concedida permiss\u00e3o para baixar temporariamente uma c\u00f3pia dos materiais (informa\u00e7\u00f5es ou software) em <strong>dacorei.com<\/strong>Este site destina-se exclusivamente \u00e0 visualiza\u00e7\u00e3o pessoal e n\u00e3o comercial. Trata-se da concess\u00e3o de uma licen\u00e7a, n\u00e3o da transfer\u00eancia de propriedade, e, nos termos desta licen\u00e7a, voc\u00ea n\u00e3o pode:<\/p>\n\n\n\n<ul>\n<li>modificar ou copiar os materiais;<\/li>\n\n\n\n<li>Utilizar os materiais para qualquer fim comercial ou para qualquer exibi\u00e7\u00e3o p\u00fablica (comercial ou n\u00e3o comercial);<\/li>\n\n\n\n<li>tentar descompilar ou fazer engenharia reversa de qualquer software contido em <strong>dacorei.com<\/strong> site;<\/li>\n\n\n\n<li>remover quaisquer avisos de direitos autorais ou outras notifica\u00e7\u00f5es de propriedade dos materiais; ou<\/li>\n\n\n\n<li>Transferir os materiais para outra pessoa ou &#039;espelhar&#039; os materiais em qualquer outro servidor.<\/li>\n<\/ul>\n\n\n\n<p>Esta licen\u00e7a ser\u00e1 automaticamente rescindida se voc\u00ea violar qualquer uma destas restri\u00e7\u00f5es e poder\u00e1 ser rescindida por <strong>dacorei.com<\/strong> A qualquer momento. Ao encerrar a visualiza\u00e7\u00e3o destes materiais ou ao t\u00e9rmino desta licen\u00e7a, voc\u00ea dever\u00e1 destruir todos os materiais baixados que estiverem em sua posse, seja em formato eletr\u00f4nico ou impresso.<\/p>\n\n\n\n<p><\/p>\n\n\n\n<h3 class=\"wp-block-heading\"><strong>3. Isen\u00e7\u00e3o de responsabilidade<\/strong><\/h3>\n\n\n\n<p>Os materiais sobre <strong>dacorei.com<\/strong>Os sites da [nome da empresa] s\u00e3o fornecidos &quot;no estado em que se encontram&quot;. <strong>dacorei.com<\/strong> N\u00e3o oferece garantias, expressas ou impl\u00edcitas, e por meio deste instrumento renuncia e nega todas as demais garantias, incluindo, sem limita\u00e7\u00e3o, garantias impl\u00edcitas ou condi\u00e7\u00f5es de comercializa\u00e7\u00e3o, adequa\u00e7\u00e3o a uma finalidade espec\u00edfica ou n\u00e3o viola\u00e7\u00e3o de propriedade intelectual ou outros direitos.<\/p>\n\n\n\n<p>Avan\u00e7ar, <strong>dacorei.com<\/strong> n\u00e3o garante nem faz qualquer declara\u00e7\u00e3o sobre a precis\u00e3o, os resultados prov\u00e1veis ou a confiabilidade do uso dos materiais em seu site ou relacionados a tais materiais ou em quaisquer sites vinculados a este site.<\/p>\n\n\n\n<p><\/p>\n\n\n\n<h3 class=\"wp-block-heading\"><strong>4. Limita\u00e7\u00f5es<\/strong><\/h3>\n\n\n\n<p>Em nenhum caso <strong>dacorei.com<\/strong> ou seus fornecedores n\u00e3o ser\u00e3o respons\u00e1veis por quaisquer danos (incluindo, sem limita\u00e7\u00e3o, danos por perda de dados ou lucros, ou devido \u00e0 interrup\u00e7\u00e3o dos neg\u00f3cios) decorrentes do uso ou da impossibilidade de usar os materiais em <strong>dacorei.com<\/strong>o site de, mesmo que <strong>dacorei.com<\/strong> ou um <strong>dacorei.com<\/strong> O representante autorizado foi notificado, verbalmente ou por escrito, da possibilidade de tais danos. Como algumas jurisdi\u00e7\u00f5es n\u00e3o permitem limita\u00e7\u00f5es de garantias impl\u00edcitas ou limita\u00e7\u00f5es de responsabilidade por danos consequenciais ou incidentais, essas limita\u00e7\u00f5es podem n\u00e3o se aplicar a voc\u00ea.<\/p>\n\n\n\n<p><\/p>\n\n\n\n<h3 class=\"wp-block-heading\"><strong>5. Precis\u00e3o dos materiais<\/strong><\/h3>\n\n\n\n<p>Os materiais que aparecem em <strong>dacorei.com<\/strong>O site da empresa pode conter erros t\u00e9cnicos, tipogr\u00e1ficos ou fotogr\u00e1ficos. <strong>dacorei.com<\/strong> n\u00e3o garante que qualquer material em seu site seja preciso, completo ou atualizado. <strong>dacorei.com<\/strong> A empresa poder\u00e1 fazer altera\u00e7\u00f5es nos materiais contidos em seu site a qualquer momento, sem aviso pr\u00e9vio. No entanto, <strong>dacorei.com<\/strong> N\u00e3o assume qualquer compromisso de atualizar os materiais.<\/p>\n\n\n\n<p><\/p>\n\n\n\n<h3 class=\"wp-block-heading\"><strong>6. Links<\/strong><\/h3>\n\n\n\n<p><strong>dacorei.com<\/strong> A empresa n\u00e3o analisou todos os sites vinculados ao seu site e n\u00e3o se responsabiliza pelo conte\u00fado de nenhum desses sites. A inclus\u00e3o de qualquer link n\u00e3o implica endosso por parte da empresa. <strong>dacorei.com<\/strong> do site. O uso de qualquer site vinculado a ele \u00e9 de responsabilidade do usu\u00e1rio.<\/p>\n\n\n\n<p><\/p>\n\n\n\n<h3 class=\"wp-block-heading\"><strong>7. Modifica\u00e7\u00f5es<\/strong><\/h3>\n\n\n\n<p><strong>dacorei.com<\/strong> A empresa poder\u00e1 revisar estes termos de servi\u00e7o para seu site a qualquer momento, sem aviso pr\u00e9vio. Ao usar este site, voc\u00ea concorda em ficar vinculado \u00e0 vers\u00e3o atual destes termos de servi\u00e7o.<\/p>\n\n\n\n<p><\/p>\n\n\n\n<h3 class=\"wp-block-heading\"><strong>8. Lei Aplic\u00e1vel<\/strong><\/h3>\n\n\n\n<p>Estes Termos e Condi\u00e7\u00f5es ser\u00e3o regidos e interpretados de acordo com as leis dos Estados Unidos da Am\u00e9rica. Voc\u00ea concorda irrevogavelmente que quaisquer disputas decorrentes ou relacionadas a estes Termos estar\u00e3o sujeitas \u00e0 jurisdi\u00e7\u00e3o exclusiva dos tribunais competentes dos Estados Unidos.<\/p>","protected":false},"excerpt":{"rendered":"<p>1. Terms By accessing the dacorei.com website, you agree to be bound by these terms of service, all applicable laws and regulations, and agree that you are responsible for compliance with any North American laws. If you do not agree with any of these terms, you are prohibited from using or accessing this site. The [&hellip;]<\/p>","protected":false},"author":250,"featured_media":0,"parent":0,"menu_order":0,"comment_status":"closed","ping_status":"closed","template":"","meta":{"footnotes":""},"_links":{"self":[{"href":"https:\/\/dacorei.com\/pt\/wp-json\/wp\/v2\/pages\/507"}],"collection":[{"href":"https:\/\/dacorei.com\/pt\/wp-json\/wp\/v2\/pages"}],"about":[{"href":"https:\/\/dacorei.com\/pt\/wp-json\/wp\/v2\/types\/page"}],"author":[{"embeddable":true,"href":"https:\/\/dacorei.com\/pt\/wp-json\/wp\/v2\/users\/250"}],"replies":[{"embeddable":true,"href":"https:\/\/dacorei.com\/pt\/wp-json\/wp\/v2\/comments?post=507"}],"version-history":[{"count":4,"href":"https:\/\/dacorei.com\/pt\/wp-json\/wp\/v2\/pages\/507\/revisions"}],"predecessor-version":[{"id":1248,"href":"https:\/\/dacorei.com\/pt\/wp-json\/wp\/v2\/pages\/507\/revisions\/1248"}],"wp:attachment":[{"href":"https:\/\/dacorei.com\/pt\/wp-json\/wp\/v2\/media?parent=507"}],"curies":[{"name":"wp","href":"https:\/\/api.w.org\/{rel}","templated":true}]}}